{"id":122,"date":"2018-07-11T15:11:04","date_gmt":"2018-07-11T15:11:04","guid":{"rendered":"https:\/\/premodernhealthscaping.hcommons-staging.org\/?page_id=122"},"modified":"2024-01-22T21:25:46","modified_gmt":"2024-01-22T21:25:46","slug":"publications","status":"publish","type":"page","link":"https:\/\/premodernhealthscaping.hcommons-staging.org\/?page_id=122","title":{"rendered":"Publications"},"content":{"rendered":"<h2><strong><span style=\"text-decoration: underline\">2023<\/span><\/strong><\/h2>\n<h3>Geltner, G., \u201cEcological Impacts and Environmental Perceptions of Mining in Europe, 1200-1550: Preliminary Notes.\u201d <em>Parergon<\/em> 40, no. 1 (2023): pp. 157-80<\/h3>\n<p style=\"text-align: right\"><em>You can find the article <a href=\"https:\/\/muse.jhu.edu\/pub\/62\/article\/905418\">here<\/a>, and the AAM <a href=\"https:\/\/osf.io\/preprints\/bodoarxiv\/rkduw\">here<\/a>.\u00a0<\/em><\/p>\n<h3>Zaneri, T. &amp; R. Smurra., &#8220;Public Health, Artisanal Activities, Daily Life in Medieval Bologna: Digital Projects as Teaching Tools for Urban History.&#8221; In <em>Research and Education in Urban History in the Age of Digital Libraries, <\/em>ed. S. M\u00fcnster, A. Pattee, C. Kr\u00f6ber &amp; F. Niebling, pp. 246-58. (Cham: Springer Nature Switzerland, 2023).<\/h3>\n<p style=\"text-align: right\"><em>You can find the article <a href=\"https:\/\/www.springerprofessional.de\/en\/public-health-artisanal-activities-daily-life-in-medieval-bologn\/25861650\">here<\/a>.\u00a0<\/em><\/p>\n<h3>Zaneri, T., &#8220;The spatial logic of health: Managing waste, water and infrastructure in later medieval Bologna.&#8221; <em>Journal of Historical Geography\u00a0<\/em>81 (2023): pp. 97-109.<\/h3>\n<p style=\"text-align: right\"><em>You can find the article <a href=\"https:\/\/www.sciencedirect.com\/science\/article\/abs\/pii\/S0305748823000129\">here<\/a>.\u00a0<\/em><\/p>\n<h3>Geltner, G. &amp; G. Roberts, \u201cSocial and Environmental Policing in Medieval Cities.\u201d in <em>A Companion to Crime and Deviance in the Middle Ages: A Handbook, <\/em>ed. H. Skoda, pp. 258-74. (Leeds: Arc Humanities Press, 2023) .<\/h3>\n<h3 style=\"text-align: right\"><em>Link to pdf <a href=\"https:\/\/guygeltner.squarespace.com\/articles-and-book-chapters?p\" target=\"_blank\" rel=\"noopener noreferrer\">here<\/a>.<\/em><\/h3>\n<h3>Geltner, G., &#8220;Mine Air Makes Free? Rural Liberty, Materiality,<br \/>\nand Agency in Europe\u2019s Long Thirteenth Century.&#8221;<em> Journal of Social History <\/em>57, no. 1 (2023): pp. 1-23.<\/h3>\n<p style=\"text-align: right\"><em>You can read this Open Access article <a href=\"https:\/\/academic.oup.com\/jsh\/advance-article\/doi\/10.1093\/jsh\/shac064\/6967118\" target=\"_blank\" rel=\"noopener noreferrer\">here<\/a>.<\/em><\/p>\n<h2><span style=\"text-decoration: underline\"><strong>2022 Publications<\/strong><\/span><\/h2>\n<h3>Coomans, J. &amp; L. Hermenault. &#8220;Public Works, Spatial Strategies, and Mobility in Late Medieval Ghent.&#8221; <i>Journal of Urban History <\/i>0, no. 0 (2022).<\/h3>\n<p style=\"text-align: right\"><em>You can read this Open Access article <a href=\"https:\/\/journals.sagepub.com\/doi\/10.1177\/00961442221124892\">here<\/a><\/em>.<\/p>\n<h3><\/h3>\n<h3>Geltner, G. &amp; J. Coomans, \u201cThe Healthscaping Approach: Toward a Global History of Early Public Health.\u201d <em>Historical Methods: A Journal of Quantitative and Interdisciplinary History<\/em> (2022): pp. 18-33.<\/h3>\n<p style=\"text-align: right\"><em>You can read this Open Access article <a href=\"https:\/\/www.tandfonline.com\/doi\/full\/10.1080\/01615440.2022.2128487\">here<\/a><\/em>.<\/p>\n<h3><\/h3>\n<h3>Weeda, C., \u00a0R. Stein &amp; L. Sicking, <em>Communities, Environment and Regulation in the Premodern World: Essays in Honour of Peter Hoppenbrouwers<\/em>. (Turnhout: Brepols Publishers, 2022).<\/h3>\n<p style=\"text-align: right\">You can read this Open Access book <a href=\"https:\/\/www.brepolsonline.net\/action\/showBook?doi=10.1484\/M.CORN-EB.5.123240\" target=\"_blank\" rel=\"noopener\">here<\/a>.<\/p>\n<h3><\/h3>\n<h3>Geltner, G., &#8220;Rural Policing in the Long <em>Trecento<\/em>: An Urban Project and Its Obstruction.&#8221;\u00a0<em>The English Historical Review 137, no. 584 (2022):<\/em> pp. 47-79<em>.<\/em><\/h3>\n<p style=\"text-align: right\">You can read this Open Access article <a href=\"https:\/\/doi.org\/10.1093\/ehr\/ceac017\">here<\/a>.<\/p>\n<h3>Zaneri, T. &amp; G. Geltner, \u201cThe Dynamics of Healthscaping: Mapping Communal Hygiene in Bologna, 1287\u20131383.\u201d <i>Urban History<\/i> 49, no. 1 (2022): pp. 2\u201327.<\/h3>\n<p style=\"text-align: right\"><em>You can read this Open Access article <a href=\"https:\/\/www.cambridge.org\/core\/journals\/urban-history\/article\/dynamics-of-healthscaping-mapping-communal-hygiene-in-bologna-12871383\/E4FA1704EF3CED66E8AE8B1E965E2A48\" target=\"_blank\" rel=\"noopener noreferrer\">here<\/a>.<\/em><\/p>\n<h2><span style=\"text-decoration: underline\"><strong>2021 Publications<\/strong><\/span><\/h2>\n<h3>Coomans, J., <em>Community, Urban Health and Environment in the Late Medieval Low Countries<\/em>. (Cambridge: Cambridge University Press, 2021).<\/h3>\n<p style=\"text-align: right\"><em>This book is published by\u00a0<a href=\"https:\/\/www.cambridge.org\/core\/books\/community-urban-health-and-environment-in-the-late-medieval-low-countries\/8C8C68FC9072D2CD2F5F8055739EE996\" target=\"_blank\" rel=\"noopener\">Cambridge University Press<\/a>.<\/em><\/p>\n<h3><\/h3>\n<h3>Weeda, C., <em>Ethnicity in Medieval Europe, 950-1250:\u00a0Medicine, Power and Religion<\/em>. (Suffolk: Boydell &amp; Brewer, 2021).<\/h3>\n<p style=\"text-align: right\"><em>This book is published by\u00a0<a href=\"https:\/\/boydellandbrewer.com\/9781914049019\/ethnicity-in-medieval-europe-950-1250\/\" target=\"_blank\" rel=\"noopener\">Boydell &amp; Brewer<\/a>.<\/em><\/p>\n<h3><\/h3>\n<h3>Geltner, G., &#8220;Kinetic Health: Ecologies and Mobilities of Prevention in Europe, c. 1100-1600.&#8221; <em>Mobilities<\/em> 16, no.4 (2021): pp. 553-568.<\/h3>\n<p style=\"text-align: right\"><em>You can read this Open Access article <a href=\"https:\/\/www.tandfonline.com\/doi\/full\/10.1080\/17450101.2021.1886572?src=\" target=\"_blank\" rel=\"noopener noreferrer\">here<\/a>.<\/em><\/p>\n<h3>Geltner, G. &amp; C. Weeda, &#8220;Underground and Over the Sea: More Community Prophylactics in Europe, 1100-1600.&#8221; <em>Journal of the History of Medicine and Allied Sciences<\/em> 76, no. 2 (2021), pp. 123\u2013146.<\/h3>\n<p style=\"text-align: right\"><em>You can read this Open Access article <a href=\"https:\/\/academic.oup.com\/jhmas\/advance-article\/doi\/10.1093\/jhmas\/jrab001\/6146164\" target=\"_blank\" rel=\"noopener noreferrer\">here<\/a>.<\/em><\/p>\n<h2><span style=\"text-decoration: underline\"><strong>2020 Publications<\/strong><\/span><\/h2>\n<h3>Coomans, J. &amp; C. Weeda, &#8220;Politics of Movement: Exploring Passage Points in Responses to COVID-19 and the Plague in the Fifteenth-Century Netherlands.&#8221; <em>Journal for the History of Environment and Society<\/em> 5 (2020): pp. 79-89.<\/h3>\n<p style=\"text-align: right\"><em>You can read this Open Access article <a href=\"https:\/\/www.brepolsonline.net\/doi\/abs\/10.1484\/J.JHES.5.122465\" target=\"_blank\" rel=\"noopener noreferrer\">here<\/a>.<\/em><\/p>\n<h3><\/h3>\n<h3>Geltner, G., \u201cFumiers! Ordures! Gestion et usage des d\u00e9chets dans les campagnes de l\u2019Occident m\u00e9di\u00e9val et moderne.\u201d <em>Francia-Recensio<\/em> 4 (2020). https:\/\/doi.org\/10.11588\/frrec.2020.4.77183<\/h3>\n<h4>Marc Conesa, Nicolas Poirier (dir.), Fumiers! Ordures! Gestion et usage des d\u00e9chets dans les campagnes de l\u2019Occident m\u00e9di\u00e9val et moderne. Actes des XXXVIIIes Journ\u00e9es internationales d\u2019histoire de l\u2019abbaye de Flaran, 14 et 15 octobre 2016, Toulouse (Presses universitaires du Midi) 2019, 302 p. (Flaran, 38), ISBN 978-2-8107-0609-9, EUR 25,00.<\/h4>\n<p style=\"text-align: right\"><em>You can read the full review <a href=\"https:\/\/journals.ub.uni-heidelberg.de\/index.php\/frrec\/article\/view\/77183\/71116\" target=\"_blank\" rel=\"noopener noreferrer\">here<\/a>.<\/em><\/p>\n<h3><\/h3>\n<h3>Geltner, G., C. Weeda &amp; J. Coomans, &#8220;Mapping Health in the Middle Ages,&#8221; <em>EU Research SPR20<\/em> (2020).<\/h3>\n<div class=\"entry-content\">\n<p style=\"text-align: right\">You can read more <a href=\"https:\/\/issuu.com\/euresearcher\/docs\/healthscaping_eur22_h_res\" target=\"_blank\" rel=\"noopener noreferrer\">here<\/a>.<\/p>\n<\/div>\n<h3>Geltner, G., \u201cThe Path to Pistoia: Urban Hygiene Before the Black Death.\u201d <em>Past &amp; Present <\/em>246, no. 1 (2020): pp. 3-33.<\/h3>\n<p style=\"text-align: right\">Open Access through <a href=\"https:\/\/academic.oup.com\/past\/advance-article\/doi\/10.1093\/pastj\/gtz028\/5580562\" target=\"_blank\" rel=\"noopener noreferrer\">Past &amp; Present<\/a>.<\/p>\n<h2><span style=\"text-decoration: underline\"><strong>2019 Publications<\/strong><\/span><\/h2>\n<h3>Rawcliffe, C. &amp; C. Weeda, <em>Policing the Urban Environment in Premodern Europe<\/em> (Amsterdam: Amsterdam University Press, 2019).<\/h3>\n<p style=\"text-align: right\"><em>This book is published by\u00a0<a href=\"https:\/\/www.aup.nl\/en\/book\/9789462985193\/policing-the-urban-environment-in-premodern-europe\" target=\"_blank\" rel=\"noopener\">Amsterdam University Press<\/a>.<\/em><\/p>\n<h3>Geltner, G., \u201cIn the Camp and on the March: Military Manuals as Sources for Studying Premodern Public Health.\u201d <i>Medical History<\/i> 63, no. 1 (2019): pp. 44\u201360.<\/h3>\n<p style=\"text-align: right\">Open Access through <a href=\"https:\/\/www.cambridge.org\/core\/journals\/medical-history\/article\/in-the-camp-and-on-the-march-military-manuals-as-sources-for-studying-premodern-public-health\/8A83CD0EDE0D3133610CF7787B2588A2\" rel=\"noopener\">Cambridge University Press<\/a>.<\/p>\n<h3>Geltner, G., <em>Roads to Health: Infrastructure and Urban Wellbeing in Later Medieval Italy<\/em> (Philadelphia: University of Pennsylvania Press, 2019).<\/h3>\n<h3 style=\"text-align: right\"><em>This book is published by\u00a0<a href=\"https:\/\/www.upenn.edu\/pennpress\/book\/16022.html\" target=\"_blank\" rel=\"noopener\">University of Pennnsylvania Press<\/a>.<\/em><\/h3>\n<h3><\/h3>\n<h3>Coomans, J., \u201cThe King of Dirt: Public Health and Sanitation in Late Medieval Ghent.\u201d <i>Urban History<\/i> 46, no. 1 (2019), pp. 82\u2013105.<\/h3>\n<p style=\"text-align: right\">Open Access through <a href=\"https:\/\/www.cambridge.org\/core\/journals\/urban-history\/article\/king-of-dirt-public-health-and-sanitation-in-late-medieval-ghent\/B730B9F9E0B88C4D88B9607BF36A73EA#\" rel=\"noopener\">Cambridge University Press<\/a>.<\/p>\n<h2><span style=\"text-decoration: underline\"><strong>2018 Publications<\/strong><\/span><\/h2>\n<h3>Weeda, C., \u201cReviewing Conduct Books: Galenic Medicine and the &#8216;Civilising Process&#8217; in Western European Households c.1100\u20131300.&#8221; In <em><span class=\"Normal__Char\">The Elite Household in England, 1100-1550: Proceedings of the 2016 Harlaxton Symposium<\/span><\/em><span class=\"Normal__Char\">, ed. <\/span>C.M. Woolgar, pp. 167-184. (Donington, 2018).<\/h3>\n<h3>Geltner, G., \u201cPublic Health,\u201d in\u00a0<em>A Companion to Medieval Bologna<\/em>, ed. S.R. Blanshei, pp. 103-28. (Leiden: Brill, 2018).<\/h3>\n<p style=\"text-align: right\">You can download the pdf <a href=\"https:\/\/static1.squarespace.com\/static\/57442c654c2f85e97071b282\/t\/5a2ead38ec212d5184a6f8d1\/1513008523203\/Public+Health+A+Companion+to+Medieval+and+Renaissance+Bologna.pdf\">here.<\/a><\/p>\n<h2><span style=\"text-decoration: underline\"><strong>Earlier Publications<\/strong><\/span><\/h2>\n<h3>Geltner, G., \u201cFinding Matter out of Place: Bologna\u2019s \u2018Dirt\u2019 (Fango) Officials in the History of Premodern Public Health.\u201d in <em>The Far-Sighted Gaze of Capital Cities.\u00a0Essays in Honor of Francesca Bocchi<\/em>, ed. R. Smurra, H. Houben &amp; M. Ghizzoni, pp. 307-21. (Rome: Viella, 2014), pp. 307-2.<\/h3>\n<p style=\"text-align: right\">You can download the pdf <a href=\"http:\/\/www.guygeltner.net\/s\/Finding-matter-out-of-place.pdf\">here.<\/a><\/p>\n<h3><\/h3>\n<h3>Geltner, G., \u201cHealthscaping a Medieval City: The <em>Curia viarum<\/em> of Lucca and the Future of Public Health History.\u201d <em>Urban History<\/em> 40 (2013): pp. 395-415.<\/h3>\n<p style=\"text-align: right\">You can download the pdf <a href=\"https:\/\/static1.squarespace.com\/static\/57442c654c2f85e97071b282\/t\/574ac33bf699bbded7db52c3\/1464517437923\/Healthscaping+a+medieval+city.pdf\">here.<\/a><\/p>\n<h3>Coomans, J., and G. Geltner, \u201cOn the Street and in the Bath-House: Medieval Galenism in Action?\u201d <em>Anuario de Estudios Medievales<\/em> 43 (2013): pp. 53-8.<\/h3>\n<p style=\"text-align: right\">You can download the pdf <a href=\"https:\/\/pure.uva.nl\/ws\/files\/2447961\/164492_443.pdf\">here.<\/a><\/p>\n<h3>Geltner, G., \u201cPublic Health and the Pre-Modern City: A Research Agenda.\u201d <em>History Compass<\/em> 10 (2012): pp. 231-45.<\/h3>\n<p style=\"text-align: right\">You can download the pdf <a href=\"https:\/\/static1.squarespace.com\/static\/57442c654c2f85e97071b282\/t\/574ac37df699bbded7db533c\/1464517503211\/Public+Health+and+the+Pre-Modern+City.pdf\">here.<\/a><\/p>\n","protected":false},"excerpt":{"rendered":"<p>2023 Geltner, G., \u201cEcological Impacts and Environmental Perceptions of Mining in Europe, 1200-1550: Preliminary Notes.\u201d Parergon 40, no. 1 (2023): pp. 157-80 You can find the article here, and the AAM here.\u00a0 Zaneri, T. &amp; R. Smurra., &#8220;Public Health, Artisanal &hellip; <a href=\"https:\/\/premodernhealthscaping.hcommons-staging.org\/?page_id=122\">Continue reading <span class=\"meta-nav\">&rarr;<\/span><\/a><\/p>\n","protected":false},"author":1010377,"featured_media":0,"parent":0,"menu_order":4,"comment_status":"closed","ping_status":"closed","template":"","meta":{"footnotes":""},"class_list":["post-122","page","type-page","status-publish","hentry"],"_links":{"self":[{"href":"https:\/\/premodernhealthscaping.hcommons-staging.org\/index.php?rest_route=\/wp\/v2\/pages\/122","targetHints":{"allow":["GET"]}}],"collection":[{"href":"https:\/\/premodernhealthscaping.hcommons-staging.org\/index.php?rest_route=\/wp\/v2\/pages"}],"about":[{"href":"https:\/\/premodernhealthscaping.hcommons-staging.org\/index.php?rest_route=\/wp\/v2\/types\/page"}],"author":[{"embeddable":true,"href":"https:\/\/premodernhealthscaping.hcommons-staging.org\/index.php?rest_route=\/wp\/v2\/users\/1010377"}],"replies":[{"embeddable":true,"href":"https:\/\/premodernhealthscaping.hcommons-staging.org\/index.php?rest_route=%2Fwp%2Fv2%2Fcomments&post=122"}],"version-history":[{"count":37,"href":"https:\/\/premodernhealthscaping.hcommons-staging.org\/index.php?rest_route=\/wp\/v2\/pages\/122\/revisions"}],"predecessor-version":[{"id":1063,"href":"https:\/\/premodernhealthscaping.hcommons-staging.org\/index.php?rest_route=\/wp\/v2\/pages\/122\/revisions\/1063"}],"wp:attachment":[{"href":"https:\/\/premodernhealthscaping.hcommons-staging.org\/index.php?rest_route=%2Fwp%2Fv2%2Fmedia&parent=122"}],"curies":[{"name":"wp","href":"https:\/\/api.w.org\/{rel}","templated":true}]}}